{"id":192,"date":"2018-02-28T12:11:50","date_gmt":"2018-02-28T12:11:50","guid":{"rendered":"https:\/\/chalet-felsengrund.ch\/wordpress\/?page_id=192"},"modified":"2018-03-01T11:58:24","modified_gmt":"2018-03-01T11:58:24","slug":"unser-chalet-2","status":"publish","type":"page","link":"https:\/\/chalet-felsengrund.ch\/","title":{"rendered":"Unser Chalet"},"content":{"rendered":"<p><img fetchpriority=\"high\" decoding=\"async\" class=\"alignright wp-image-139\" src=\"https:\/\/chalet-felsengrund.ch\/wordpress\/wp-content\/uploads\/2017\/09\/DSC09679-1024x768.jpg\" alt=\"\" width=\"567\" height=\"425\" srcset=\"https:\/\/chalet-felsengrund.ch\/wp-content\/uploads\/2017\/09\/DSC09679-1024x768.jpg 1024w, https:\/\/chalet-felsengrund.ch\/wp-content\/uploads\/2017\/09\/DSC09679-300x225.jpg 300w, https:\/\/chalet-felsengrund.ch\/wp-content\/uploads\/2017\/09\/DSC09679-768x576.jpg 768w, https:\/\/chalet-felsengrund.ch\/wp-content\/uploads\/2017\/09\/DSC09679-1200x900.jpg 1200w, https:\/\/chalet-felsengrund.ch\/wp-content\/uploads\/2017\/09\/DSC09679.jpg 1280w\" sizes=\"(max-width: 567px) 100vw, 567px\" \/>Unser Chalet liegt ruhig am westlichen Rand von Leissigen, mit Blick auf den Thunersee und das Niederhorn.<br \/>\nEs eignet sich gut f\u00fcr Familienferien oder kleinere Gruppen. Der Umschwung ums Haus bietet gen\u00fcgend Platz zum Spielen. Der grosse Balkon, ein Sitzplatz hinter, sowie ein Sitzplatz vor dem Haus, laden zum gem\u00fctlichen Verweilen ein.<\/p>\n<p>Leissigen liegt am Thunersee zwischen Spiez und Interlaken und ist somit ein idealer Ausgangspunkt f\u00fcr Ausfl\u00fcge verschiedenster Art. Ob Wandern, Schiffsfahrten, Baden, Museen, Stadtbummel, Beatush\u00f6len, Ballenberg oder vieles mehr, es findet sich immer ein Ziel!<\/p>\n<p>&nbsp;<\/p>\n<p>&nbsp;<\/p>\n","protected":false},"excerpt":{"rendered":"<p>Unser Chalet liegt ruhig am westlichen Rand von Leissigen, mit Blick auf den Thunersee und das Niederhorn. Es eignet sich gut f\u00fcr Familienferien oder kleinere Gruppen. Der Umschwung ums Haus bietet gen\u00fcgend Platz zum Spielen. Der grosse Balkon, ein Sitzplatz hinter, sowie ein Sitzplatz vor dem Haus, laden zum gem\u00fctlichen [&hellip;]<\/p>\n","protected":false},"author":1,"featured_media":0,"parent":0,"menu_order":0,"comment_status":"closed","ping_status":"closed","template":"","meta":{"two_page_speed":null,"footnotes":""},"class_list":["post-192","page","type-page","status-publish","hentry"],"_links":{"self":[{"href":"https:\/\/chalet-felsengrund.ch\/index.php?rest_route=\/wp\/v2\/pages\/192","targetHints":{"allow":["GET"]}}],"collection":[{"href":"https:\/\/chalet-felsengrund.ch\/index.php?rest_route=\/wp\/v2\/pages"}],"about":[{"href":"https:\/\/chalet-felsengrund.ch\/index.php?rest_route=\/wp\/v2\/types\/page"}],"author":[{"embeddable":true,"href":"https:\/\/chalet-felsengrund.ch\/index.php?rest_route=\/wp\/v2\/users\/1"}],"replies":[{"embeddable":true,"href":"https:\/\/chalet-felsengrund.ch\/index.php?rest_route=%2Fwp%2Fv2%2Fcomments&post=192"}],"version-history":[{"count":6,"href":"https:\/\/chalet-felsengrund.ch\/index.php?rest_route=\/wp\/v2\/pages\/192\/revisions"}],"predecessor-version":[{"id":312,"href":"https:\/\/chalet-felsengrund.ch\/index.php?rest_route=\/wp\/v2\/pages\/192\/revisions\/312"}],"wp:attachment":[{"href":"https:\/\/chalet-felsengrund.ch\/index.php?rest_route=%2Fwp%2Fv2%2Fmedia&parent=192"}],"curies":[{"name":"wp","href":"https:\/\/api.w.org\/{rel}","templated":true}]}}