{"id":37,"date":"2017-03-01T09:06:06","date_gmt":"2017-03-01T09:06:06","guid":{"rendered":"https:\/\/chalet-felsengrund.ch\/wordpress\/?page_id=37"},"modified":"2023-01-06T11:15:27","modified_gmt":"2023-01-06T10:15:27","slug":"preise","status":"publish","type":"page","link":"https:\/\/chalet-felsengrund.ch\/?page_id=37","title":{"rendered":"Preise"},"content":{"rendered":"\t\t<div data-elementor-type=\"wp-page\" data-elementor-id=\"37\" class=\"elementor elementor-37\">\n\t\t\t\t\t\t<section class=\"elementor-section elementor-top-section elementor-element elementor-element-7c0c2acb elementor-section-boxed elementor-section-height-default elementor-section-height-default\" data-id=\"7c0c2acb\" data-element_type=\"section\" data-e-type=\"section\">\n\t\t\t\t\t\t<div class=\"elementor-container elementor-column-gap-default\">\n\t\t\t\t\t<div class=\"elementor-column elementor-col-50 elementor-top-column elementor-element elementor-element-5b2e2b5\" data-id=\"5b2e2b5\" data-element_type=\"column\" data-e-type=\"column\">\n\t\t\t<div class=\"elementor-widget-wrap elementor-element-populated\">\n\t\t\t\t\t\t<div class=\"elementor-element elementor-element-e0e1fae elementor-widget elementor-widget-text-editor\" data-id=\"e0e1fae\" data-element_type=\"widget\" data-e-type=\"widget\" data-widget_type=\"text-editor.default\">\n\t\t\t\t<div class=\"elementor-widget-container\">\n\t\t\t\t\t\t\t\t\t<h4><strong>Unsere Preise ab 1. Januar 2023<\/strong><\/h4><p>Privat: CHF 80.00 \/ Nacht; CHF 525.00\/Woche<br \/>Gruppen: CHF 175.00 \/ Nacht<\/p><p>Die Preise verstehen sich exkl. Kurtaxe.<br \/>Diese Betr\u00e4gt pro Person ab 17 Jahren und \u00dcbernachtung CHF 2.50<br \/>Das Meldeformular dazu liegt im Haus auf.<\/p>\t\t\t\t\t\t\t\t<\/div>\n\t\t\t\t<\/div>\n\t\t\t\t\t<\/div>\n\t\t<\/div>\n\t\t\t\t<div class=\"elementor-column elementor-col-50 elementor-top-column elementor-element elementor-element-37ffae6e\" data-id=\"37ffae6e\" data-element_type=\"column\" data-e-type=\"column\">\n\t\t\t<div class=\"elementor-widget-wrap elementor-element-populated\">\n\t\t\t\t\t\t<div class=\"elementor-element elementor-element-f1e84f3 elementor-widget elementor-widget-html\" data-id=\"f1e84f3\" data-element_type=\"widget\" data-e-type=\"widget\" data-widget_type=\"html.default\">\n\t\t\t\t<div class=\"elementor-widget-container\">\n\t\t\t\t\t<div class=\"postit\">\r\n  <h1>Preise 2023<\/h1>\r\n  <p>Liebe G\u00e4ste<br>\r\nAnstelle einer generellen Preisanpassung werden wir ab 1. Januar 2023 die Kurtaxen, die bis jetzt im Mietpreis inbegriffen waren, separat verrechnen.<p>\r\nDiese betragen pro Person \u00fcber 16 Jahre CHF 2.50 pro \u00dcbernachtung.<br>\r\nEin entsprechendes Meldeformular liegt im Haus auf.<p>\r\nVielen Dank f\u00fcr das Verst\u00e4ndnis.<\/p>\r\n<\/div>\t\t\t\t<\/div>\n\t\t\t\t<\/div>\n\t\t\t\t\t<\/div>\n\t\t<\/div>\n\t\t\t\t\t<\/div>\n\t\t<\/section>\n\t\t\t\t<\/div>\n\t\t","protected":false},"excerpt":{"rendered":"<p>Unsere Preise ab 1. Januar 2023 Privat: CHF 80.00 \/ Nacht; CHF 525.00\/WocheGruppen: CHF 175.00 \/ Nacht Die Preise verstehen sich exkl. Kurtaxe.Diese Betr\u00e4gt pro Person ab 17 Jahren und \u00dcbernachtung CHF 2.50Das Meldeformular dazu liegt im Haus auf. Preise 2023 Liebe G\u00e4ste Anstelle einer generellen Preisanpassung werden wir ab [&hellip;]<\/p>\n","protected":false},"author":1,"featured_media":0,"parent":192,"menu_order":0,"comment_status":"closed","ping_status":"closed","template":"","meta":{"two_page_speed":[],"footnotes":""},"class_list":["post-37","page","type-page","status-publish","hentry"],"_links":{"self":[{"href":"https:\/\/chalet-felsengrund.ch\/index.php?rest_route=\/wp\/v2\/pages\/37","targetHints":{"allow":["GET"]}}],"collection":[{"href":"https:\/\/chalet-felsengrund.ch\/index.php?rest_route=\/wp\/v2\/pages"}],"about":[{"href":"https:\/\/chalet-felsengrund.ch\/index.php?rest_route=\/wp\/v2\/types\/page"}],"author":[{"embeddable":true,"href":"https:\/\/chalet-felsengrund.ch\/index.php?rest_route=\/wp\/v2\/users\/1"}],"replies":[{"embeddable":true,"href":"https:\/\/chalet-felsengrund.ch\/index.php?rest_route=%2Fwp%2Fv2%2Fcomments&post=37"}],"version-history":[{"count":48,"href":"https:\/\/chalet-felsengrund.ch\/index.php?rest_route=\/wp\/v2\/pages\/37\/revisions"}],"predecessor-version":[{"id":561,"href":"https:\/\/chalet-felsengrund.ch\/index.php?rest_route=\/wp\/v2\/pages\/37\/revisions\/561"}],"up":[{"embeddable":true,"href":"https:\/\/chalet-felsengrund.ch\/index.php?rest_route=\/wp\/v2\/pages\/192"}],"wp:attachment":[{"href":"https:\/\/chalet-felsengrund.ch\/index.php?rest_route=%2Fwp%2Fv2%2Fmedia&parent=37"}],"curies":[{"name":"wp","href":"https:\/\/api.w.org\/{rel}","templated":true}]}}